{"id":2738,"date":"2022-08-02T14:33:00","date_gmt":"2022-08-02T12:33:00","guid":{"rendered":"https:\/\/generis.ch\/kontakt\/"},"modified":"2025-07-17T13:03:42","modified_gmt":"2025-07-17T11:03:42","slug":"kontakt","status":"publish","type":"page","link":"https:\/\/generis.ch\/en\/kontakt\/","title":{"rendered":"Contact"},"content":{"rendered":"<div  class=\"page-section style-default layout-default align-default\">\n\t<div class=\"section-grid grid-layout container\"><div  style=\"--grid-layout-index: 1; --col-xs: 12; --col-sm: 12; --col-md: 12; --col-lg: 12; --col-xl: 12\" class=\"section-item layout-default layout-margin-default\" data-reveal><div class=\"hero-text\">\n<p>Tell us about your<br \/>\n<span class=\"with-accent-font with-circle-3\">idea<\/span><\/p>\n<\/div>\n\n<p style=\"text-align: center;\">Call us <strong><a href=\"tel:+41526740600\">+41 52 674 06 00<\/a><\/strong> or<br \/>\nsend us an e-mail <strong><a href=\"mailto:administration@generis.ch\">administration@generis.ch<\/a><\/strong><\/p>\n<\/div><div  style=\"--grid-layout-index: 2; --col-xs: 12; --col-sm: 12; --col-md: 10; --col-lg: 8; --col-xl: 7\" class=\"section-item layout-default layout-margin-default\" data-reveal>\t<div class=\"wpforms-container \" id=\"wpforms-3318\"><form id=\"wpforms-form-3318\" class=\"wpforms-validate wpforms-form wpforms-ajax-form\" data-formid=\"3318\" method=\"post\" enctype=\"multipart\/form-data\" action=\"\/en\/wp-json\/wp\/v2\/pages\/2738\" data-token=\"dec5f8278ae6eeea012cb74bb311b6d6\" data-token-time=\"1775694371\"><noscript class=\"wpforms-error-noscript\">Please enable JavaScript in your browser to complete this form.<\/noscript><div class=\"wpforms-field-container\"><div id=\"wpforms-3318-field_1-container\" class=\"wpforms-field wpforms-field-text\" data-field-id=\"1\"><label class=\"wpforms-field-label\" for=\"wpforms-3318-field_1\">Hello, my name is <span class=\"wpforms-required-label\">*<\/span><\/label><input type=\"text\" id=\"wpforms-3318-field_1\" class=\"wpforms-field-large wpforms-field-required\" name=\"wpforms[fields][1]\" placeholder=\"write here\" required><\/div><div id=\"wpforms-3318-field_9-container\" class=\"wpforms-field wpforms-field-select wpforms-field-select-style-classic\" data-field-id=\"9\"><label class=\"wpforms-field-label\" for=\"wpforms-3318-field_9\">and I am interested in <span class=\"wpforms-required-label\">*<\/span><\/label><select id=\"wpforms-3318-field_9\" class=\"wpforms-field-large wpforms-field-required\" name=\"wpforms[fields][9]\" required=\"required\"><option value=\"\" class=\"placeholder\" disabled  selected='selected'>choose from<\/option><option value=\"Wirtschafts- und Innovationsr\u00e4ume\"  class=\"choice-1 depth-1\"  >Wirtschafts- und Innovationsr\u00e4ume<\/option><option value=\"Lebensr\u00e4ume\"  class=\"choice-2 depth-1\"  >Lebensr\u00e4ume<\/option><option value=\"Unternehmen &amp; Organisationen\"  class=\"choice-3 depth-1\"  >Unternehmen &amp; Organisationen<\/option><option value=\"Energie, Mobilit\u00e4t, Nachhaltigkeit\"  class=\"choice-4 depth-1\"  >Energie, Mobilit\u00e4t, Nachhaltigkeit<\/option><\/select><\/div><div id=\"wpforms-3318-field_4-container\" class=\"wpforms-field wpforms-field-email\" data-field-id=\"4\"><label class=\"wpforms-field-label\" for=\"wpforms-3318-field_4\">You can reach me here: <span class=\"wpforms-required-label\">*<\/span><\/label><input type=\"email\" id=\"wpforms-3318-field_4\" class=\"wpforms-field-large wpforms-field-required\" name=\"wpforms[fields][4]\" placeholder=\"Your e-mail address\" spellcheck=\"false\" required><\/div><div id=\"wpforms-3318-field_6-container\" class=\"wpforms-field wpforms-field-textarea\" data-field-id=\"6\"><label class=\"wpforms-field-label\" for=\"wpforms-3318-field_6\">What else I would like to say: <span class=\"wpforms-required-label\">*<\/span><\/label><textarea id=\"wpforms-3318-field_6\" class=\"wpforms-field-medium wpforms-field-required\" name=\"wpforms[fields][6]\" placeholder=\"write here\" required><\/textarea><\/div><div id=\"wpforms-3318-field_5-container\" class=\"wpforms-field wpforms-field-captcha\" data-field-id=\"5\"><label class=\"wpforms-field-label\" for=\"wpforms-3318-field_5\">Spam protection: <span class=\"wpforms-required-label\">*<\/span><\/label>\t\t\t<div class=\"wpforms-captcha-math\">\n\t\t\t\t<span id=\"wpforms-3318-field_5-question\" class=\"wpforms-captcha-equation\">\n\t\t\t\t\t<span class=\"n1\">7<\/span>\n\t\t\t\t\t\t\t<span class=\"cal\">+<\/span>\n\t\t\t\t\t\t\t<span class=\"n2\">11<\/span>\t\t\t\t\t<span class=\"e\">=<\/span>\n\t\t\t\t<\/span>\n\t\t\t\t<input type=\"text\" id=\"wpforms-3318-field_5\" class=\"wpforms-field-medium wpforms-field-required a\" data-rule-wpf-captcha=\"math\" data-is-wrapped-field=\"1\" name=\"wpforms[fields][5][a]\" placeholder=\"Result\" aria-describedby=\"wpforms-3318-field_5-question\" required>\t\t\t\t<input type=\"hidden\" name=\"wpforms[fields][5][cal]\" class=\"cal\">\n\t\t\t\t<input type=\"hidden\" name=\"wpforms[fields][5][n2]\" class=\"n2\">\n\t\t\t\t<input type=\"hidden\" name=\"wpforms[fields][5][n1]\" class=\"n1\">\n\t\t\t<\/div>\n\t\t\t<div class=\"wpforms-field-description\">Please solve the following task to prove that you are human.<\/div><\/div><\/div><!-- .wpforms-field-container --><div class=\"wpforms-submit-container\" ><input type=\"hidden\" name=\"wpforms[id]\" value=\"3318\"><input type=\"hidden\" name=\"page_title\" value=\"\"><input type=\"hidden\" name=\"page_url\" value=\"https:\/\/generis.ch\/en\/wp-json\/wp\/v2\/pages\/2738\"><input type=\"hidden\" name=\"url_referer\" value=\"\"><button type=\"submit\" name=\"wpforms[submit]\" id=\"wpforms-submit-3318\" class=\"wpforms-submit\" data-alt-text=\"Sending\u2026\" data-submit-text=\"Submit\" aria-live=\"assertive\" value=\"wpforms-submit\">Submit<\/button><img loading=\"lazy\" decoding=\"async\" src=\"https:\/\/generis.ch\/wp-content\/plugins\/wpforms\/assets\/images\/submit-spin.svg\" class=\"wpforms-submit-spinner\" style=\"display: none;\" width=\"26\" height=\"26\" alt=\"Loading\"><\/div><\/form><\/div>  <!-- .wpforms-container -->\n<\/div><\/div>\n<\/div>","protected":false},"excerpt":{"rendered":"<p>Tell us about your idea Call us +41 52 674 06 00 or send us an e-mail administration@generis.ch Please enable JavaScript in your browser to complete this form.Hello, my name is *and I am interested in *choose fromWirtschafts- und Innovationsr\u00e4umeLebensr\u00e4umeUnternehmen &amp; OrganisationenEnergie, Mobilit\u00e4t, NachhaltigkeitYou can reach me here: *What else I would like to say: [&hellip;]<\/p>\n","protected":false},"author":1,"featured_media":0,"parent":0,"menu_order":0,"comment_status":"closed","ping_status":"closed","template":"","meta":{"_acf_changed":false,"inline_featured_image":false,"footnotes":""},"class_list":["post-2738","page","type-page","status-publish","hentry"],"acf":[],"_links":{"self":[{"href":"https:\/\/generis.ch\/en\/wp-json\/wp\/v2\/pages\/2738","targetHints":{"allow":["GET"]}}],"collection":[{"href":"https:\/\/generis.ch\/en\/wp-json\/wp\/v2\/pages"}],"about":[{"href":"https:\/\/generis.ch\/en\/wp-json\/wp\/v2\/types\/page"}],"author":[{"embeddable":true,"href":"https:\/\/generis.ch\/en\/wp-json\/wp\/v2\/users\/1"}],"replies":[{"embeddable":true,"href":"https:\/\/generis.ch\/en\/wp-json\/wp\/v2\/comments?post=2738"}],"version-history":[{"count":9,"href":"https:\/\/generis.ch\/en\/wp-json\/wp\/v2\/pages\/2738\/revisions"}],"predecessor-version":[{"id":3324,"href":"https:\/\/generis.ch\/en\/wp-json\/wp\/v2\/pages\/2738\/revisions\/3324"}],"wp:attachment":[{"href":"https:\/\/generis.ch\/en\/wp-json\/wp\/v2\/media?parent=2738"}],"curies":[{"name":"wp","href":"https:\/\/api.w.org\/{rel}","templated":true}]}}